{"id":346,"date":"2025-07-02T08:50:28","date_gmt":"2025-07-02T06:50:28","guid":{"rendered":"https:\/\/dev.europegoeslocal.eu\/registratie\/"},"modified":"2025-07-02T09:28:16","modified_gmt":"2025-07-02T07:28:16","slug":"registration","status":"publish","type":"page","link":"https:\/\/dev.europegoeslocal.eu\/fr\/registration\/","title":{"rendered":"Inscription"},"content":{"rendered":"<div data-elementor-type=\"wp-page\" data-elementor-id=\"346\" class=\"elementor elementor-346\" data-elementor-post-type=\"page\">\n\t\t\t\t<div class=\"elementor-element elementor-element-c97f452 e-flex e-con-boxed e-con e-parent\" data-id=\"c97f452\" data-element_type=\"container\" data-e-type=\"container\">\n\t\t\t\t\t<div class=\"e-con-inner\">\n\t\t\t\t<div class=\"elementor-element elementor-element-32c43ab elementor-widget elementor-widget-heading\" data-id=\"32c43ab\" data-element_type=\"widget\" data-e-type=\"widget\" data-widget_type=\"heading.default\">\n\t\t\t\t\t<h1 class=\"elementor-heading-title elementor-size-default\">Cr\u00e9er un compte<\/h1>\t\t\t\t<\/div>\n\t\t\t\t<div class=\"elementor-element elementor-element-f87788c elementor-widget elementor-widget-text-editor\" data-id=\"f87788c\" data-element_type=\"widget\" data-e-type=\"widget\" data-widget_type=\"text-editor.default\">\n\t\t\t\t\t\t\t\t\t<p>En cr\u00e9ant un compte, vous pourrez vous connecter et utiliser le kit Changemakers pour diff\u00e9rents processus. Pour chaque processus, vous pouvez suivre les \u00e9tapes \u00abDiscuter, \u00e9valuer, objectifs, besoins et actions\u00bb. Une fois connect\u00e9, vous avez \u00e9galement acc\u00e8s \u00e0 votre page personnelle, o\u00f9 vous pouvez trouver un aper\u00e7u de vos processus.<\/p>\t\t\t\t\t\t\t\t<\/div>\n\t\t\t\t<div class=\"elementor-element elementor-element-624ba905 elementor-widget elementor-widget-shortcode\" data-id=\"624ba905\" data-element_type=\"widget\" data-e-type=\"widget\" data-widget_type=\"shortcode.default\">\n\t\t\t\t\t\t\t<div class=\"elementor-shortcode\">\t<div class='user-registration ur-frontend-form' id='user-registration-form-345'>\n\t\t\t\t\t\t\t\t<form method='post' class='register' data-form-id=\"345\"\n\t\t\t\tdata-enable-strength-password=\"1\" data-minimum-password-strength=\"3\"\n\t\t\t\t\t\t\t\t\t\t\t\t\t\t\t data-captcha-enabled=\"\" action=\"\">\n\n\t\t\t\t<div class=\"ur-form-row\" data-row-id=\"2\">\t\t\t\t\t\t\t<div class=\"ur-form-grid ur-grid-1\"\n\t\t\t\t\t\t\t\tstyle=\"width:48%\">\n\t\t\t\t\t\t\t\t\t\t\t\t\t\t\t\t<div  data-field-id=\"display_name\" class=\"ur-field-item field-display_name\" data-ref-id=\"display_name\" data-field-pattern-enabled=\"0\" data-field-pattern-value=\" \" data-field-pattern-message=\" \">\n\t\t\t\t\t\t\t\t\t\t<div class=\"form-row validate-required\" id=\"display_name_field\" data-priority=\"\" ><label for=\"display_name\" class=\"ur-label\">Nom de l'organisation <abbr class=\"required\" title=\"n\u00e9cessaire\">*<\/abbr><\/label> <span class=\"input-wrapper\"> <input  data-rules=\"\" data-id=\"display_name\" type=\"text\" class=\"input-text   input-text ur-frontend-field\" name=\"display_name\" id=\"display_name\" placeholder=\"\"  value=\"\" required=\"required\" data-label=\"Organisation name\" \/> <\/span> <\/div>\t\t\t\t\t\t\t\t\t<\/div>\n\t\t\t\t\t\t\t\t\t\t\t\t\t\t\t\t<\/div>\n\t\t\t\t\t\t\t\t\t\t\t\t\t\t<div class=\"ur-form-grid ur-grid-2\"\n\t\t\t\t\t\t\t\tstyle=\"width:48%\">\n\t\t\t\t\t\t\t\t\t\t\t\t\t\t<\/div>\n\t\t\t\t\t\t\t\t\t\t\t\t\t<\/div>\n\t\t\t\t\t\t<div class=\"ur-form-row\" data-row-id=\"3\">\t\t\t\t\t\t\t<div class=\"ur-form-grid ur-grid-1\"\n\t\t\t\t\t\t\t\tstyle=\"width:48%\">\n\t\t\t\t\t\t\t\t\t\t\t\t\t\t\t\t<div  data-field-id=\"organisation_country\" class=\"ur-field-item field-select\" data-ref-id=\"organisation_country\" data-field-pattern-enabled=\"0\" data-field-pattern-value=\" \" data-field-pattern-message=\" \">\n\t\t\t\t\t\t\t\t\t\t<div class=\"form-row validate-required\" id=\"organisation_country_field\" data-priority=\"\" ><label for=\"organisation_country\" class=\"ur-label\">Pays de l'organisation <abbr class=\"required\" title=\"n\u00e9cessaire\">*<\/abbr><\/label><select data-rules=\"\" data-id=\"organisation_country\" name=\"organisation_country\" id=\"organisation_country\" class=\"ur-field-address-country select ur-frontend-field\" required=\"required\" data-label=\"Organisation country\" data-default=\"Austria\" data-allow_clear=\"true\" data-placeholder=\"Select your country\" data-state-enabled=\"\">\n\t\t\t\t\t<option value=\"Austria\"  selected='selected'>Autriche<\/option><option value=\"Belgium\" >Belgique<\/option><option value=\"Bosnia and Herzegovina\" >Bosnie-Herz\u00e9govine<\/option><option value=\"Croatia\" >Croatie<\/option><option value=\"Czech Republic\" >R\u00e9publique tch\u00e8que<\/option><option value=\"Estonia\" >Estonie<\/option><option value=\"Finland\" >Finlande<\/option><option value=\"France\" >France<\/option><option value=\"Georgia\" >G\u00e9orgie<\/option><option value=\"Germany\" >Allemagne<\/option><option value=\"Greece\" >Gr\u00e8ce<\/option><option value=\"Hungary\" >Hongrie<\/option><option value=\"Ireland\" >Irlande<\/option><option value=\"Italy\" >Italie<\/option><option value=\"Latvia\" >Lettonie<\/option><option value=\"Lithuania\" >Lituanie<\/option><option value=\"Malta\" >Malte<\/option><option value=\"North Macedonia\" >Mac\u00e9doine du Nord<\/option><option value=\"Norway\" >Norv\u00e8ge<\/option><option value=\"Portugal\" >Portugal<\/option><option value=\"Romania\" >Roumanie<\/option><option value=\"Slovakia\" >Slovaquie<\/option><option value=\"Slovenia\" >Slov\u00e9nie<\/option><option value=\"Spain\" >Espagne<\/option><option value=\"Sweden\" >Su\u00e8de<\/option><option value=\"Switzerland\" >Suisse<\/option><option value=\"Ukraine\" >Ukraine<\/option>\n\t\t\t\t\t<\/select><\/div>\t\t\t\t\t\t\t\t\t<\/div>\n\t\t\t\t\t\t\t\t\t\t\t\t\t\t\t\t<\/div>\n\t\t\t\t\t\t\t\t\t\t\t\t\t\t<div class=\"ur-form-grid ur-grid-2\"\n\t\t\t\t\t\t\t\tstyle=\"width:48%\">\n\t\t\t\t\t\t\t\t\t\t\t\t\t\t\t\t<div  data-field-id=\"organisation_city\" class=\"ur-field-item field-text\" data-ref-id=\"organisation_city\" data-field-pattern-enabled=\"0\" data-field-pattern-value=\" \" data-field-pattern-message=\" \">\n\t\t\t\t\t\t\t\t\t\t<div class=\"form-row validate-required\" id=\"organisation_city_field\" data-priority=\"\" ><label for=\"organisation_city\" class=\"ur-label\">Ville <abbr class=\"required\" title=\"n\u00e9cessaire\">*<\/abbr><\/label> <span class=\"input-wrapper\"> <input  data-rules=\"\" data-id=\"organisation_city\" type=\"text\" class=\"input-text   input-text ur-frontend-field\" name=\"organisation_city\" id=\"organisation_city\" placeholder=\"\"  value=\"\" required=\"required\" data-label=\"City\" \/> <\/span> <\/div>\t\t\t\t\t\t\t\t\t<\/div>\n\t\t\t\t\t\t\t\t\t\t\t\t\t\t\t\t<\/div>\n\t\t\t\t\t\t\t\t\t\t\t\t\t<\/div>\n\t\t\t\t\t\t<div class=\"ur-form-row\" data-row-id=\"2\">\t\t\t\t\t\t\t<div class=\"ur-form-grid ur-grid-1\"\n\t\t\t\t\t\t\t\tstyle=\"width:48%\">\n\t\t\t\t\t\t\t\t\t\t\t\t\t\t\t\t<div  data-field-id=\"user_email\" class=\"ur-field-item field-user_email\" data-ref-id=\"user_email\" data-field-pattern-enabled=\"0\" data-field-pattern-value=\" \" data-field-pattern-message=\" \">\n\t\t\t\t\t\t\t\t\t\t<div class=\"form-row validate-required\" id=\"user_email_field\" data-priority=\"\" ><label for=\"user_email\" class=\"ur-label\">Courriel <abbr class=\"required\" title=\"n\u00e9cessaire\">*<\/abbr><\/label> <span class=\"input-wrapper\"> <input  data-rules=\"\" data-id=\"user_email\" type=\"email\" class=\"input-text   input-email ur-frontend-field\" name=\"user_email\" id=\"user_email\" placeholder=\"\"  value=\"\" required=\"required\" data-label=\"Email\" \/> <\/span> <\/div>\t\t\t\t\t\t\t\t\t<\/div>\n\t\t\t\t\t\t\t\t\t\t\t\t\t\t\t\t<\/div>\n\t\t\t\t\t\t\t\t\t\t\t\t\t\t<div class=\"ur-form-grid ur-grid-2\"\n\t\t\t\t\t\t\t\tstyle=\"width:48%\">\n\t\t\t\t\t\t\t\t\t\t\t\t\t\t\t\t<div  data-field-id=\"user_pass\" class=\"ur-field-item field-user_pass\" data-ref-id=\"user_pass\" data-field-pattern-enabled=\"0\" data-field-pattern-value=\" \" data-field-pattern-message=\" \">\n\t\t\t\t\t\t\t\t\t\t<div class=\"form-row validate-required hide_show_password\" id=\"user_pass_field\" data-priority=\"\"><label for=\"user_pass\" class=\"ur-label\">Mot de passe <abbr class=\"required\" title=\"n\u00e9cessaire\">*<\/abbr><\/label> <span class=\"input-wrapper\"> <span class=\"password-input-group input-form-field-icons\"><input data-rules=\"\" data-id=\"user_pass\" type=\"password\" class=\"input-text  input-password ur-frontend-field\" name=\"user_pass\" id=\"user_pass\" placeholder=\"\"  value=\"\" required=\"required\" data-label=\"Password\" \/><\/span> <\/span> <\/div>\t\t\t\t\t\t\t\t\t<\/div>\n\t\t\t\t\t\t\t\t\t\t\t\t\t\t\t\t<\/div>\n\t\t\t\t\t\t\t\t\t\t\t\t\t<\/div>\n\t\t\t\t\t\t<div class=\"ur-form-row\" data-row-id=\"1\">\t\t\t\t\t\t\t<div class=\"ur-form-grid ur-grid-1\"\n\t\t\t\t\t\t\t\tstyle=\"width:48%\">\n\t\t\t\t\t\t\t\t\t\t\t\t\t\t\t\t<div  data-field-id=\"user_confirm_password\" class=\"ur-field-item field-user_confirm_password\" data-ref-id=\"user_confirm_password\" data-field-pattern-enabled=\"0\" data-field-pattern-value=\" \" data-field-pattern-message=\" \">\n\t\t\t\t\t\t\t\t\t\t<div class=\"form-row validate-required hide_show_password\" id=\"user_confirm_password_field\" data-priority=\"\"><label for=\"user_confirm_password\" class=\"ur-label\">Confirmer le mot de passe <abbr class=\"required\" title=\"n\u00e9cessaire\">*<\/abbr><\/label> <span class=\"input-wrapper\"> <span class=\"password-input-group input-form-field-icons\"><input data-rules=\"\" data-id=\"user_confirm_password\" type=\"password\" class=\"input-text  input-password ur-frontend-field\" name=\"user_confirm_password\" id=\"user_confirm_password\" placeholder=\"\"  value=\"\" required=\"required\" data-label=\"Confirm Password\" \/><\/span> <\/span> <\/div>\t\t\t\t\t\t\t\t\t<\/div>\n\t\t\t\t\t\t\t\t\t\t\t\t\t\t\t\t<\/div>\n\t\t\t\t\t\t\t\t\t\t\t\t\t\t<div class=\"ur-form-grid ur-grid-2\"\n\t\t\t\t\t\t\t\tstyle=\"width:48%\">\n\t\t\t\t\t\t\t\t\t\t\t\t\t\t<\/div>\n\t\t\t\t\t\t\t\t\t\t\t\t\t<\/div>\n\t\t\t\t\t\t\t\t\t\t\t\t\t\t\t\t\t\t<div class=\"ur-button-container\" >\n\t\t\t\t\t\t\t\t\t\t\t\t\t\t<button type=\"submit\" class=\"btn button ur-submit-button\"  conditional_rules=\"&quot;&quot;\">\n\t\t\t\t\t\t\t\t<span><\/span>\n\t\t\t\t\t\t\t\tSoumettre\t\t\t\t\t\t\t<\/button>\n\t\t\t\t\t\t\t\t\t\t\t\t\t\t\t\t\t\t\t\t<\/div>\n\t\t\t\t\t\t\n\t\t\t\t<div style=\"clear:both\"><\/div>\n\t\t\t\t\t\t\t\t<input type=\"hidden\" name=\"ur-registration-language\" value=\"fr-FR\"\/>\n\t\t\t\t<input type=\"hidden\" name=\"ur-user-form-id\" value=\"345\"\/>\n\t\t\t\t<input type=\"hidden\" name=\"ur-redirect-url\" value=\"https:\/\/dev.europegoeslocal.eu\/fr\/mijn-account\/\"\/>\n\t\t\t\t<input type=\"hidden\" id=\"ur_frontend_form_nonce\" name=\"ur_frontend_form_nonce\" value=\"673d219dc2\" \/>\n\t\t\t\t\n\t\t\t<input type=\"hidden\" name=\"etm-form-language\" value=\"fr\"\/><\/form>\n\t\t\t\n\t\t<div style=\"clear:both\"><\/div>\n\t<\/div>\n\n<\/div>\n\t\t\t\t\t\t<\/div>\n\t\t\t\t\t<\/div>\n\t\t\t\t<\/div>\n\t\t\t\t<\/div>","protected":false},"excerpt":{"rendered":"<p>Cr\u00e9er un compte En cr\u00e9ant un compte, vous pourrez vous connecter et utiliser le kit Changemakers pour diff\u00e9rents processus. Pour chaque processus, vous pouvez suivre les \u00e9tapes \u00abDiscuter, \u00e9valuer, objectifs, besoins et actions\u00bb. Une fois connect\u00e9, vous avez \u00e9galement acc\u00e8s \u00e0 votre page personnelle, o\u00f9 vous pouvez trouver un aper\u00e7u de votre [...]<\/p>","protected":false},"author":1,"featured_media":0,"parent":0,"menu_order":0,"comment_status":"closed","ping_status":"closed","template":"","meta":{"footnotes":""},"class_list":["post-346","page","type-page","status-publish","hentry"],"yoast_head":"<!-- This site is optimized with the Yoast SEO plugin v27.2 - https:\/\/yoast.com\/product\/yoast-seo-wordpress\/ -->\n<title>Registration - Changemakers kit<\/title>\n<meta name=\"robots\" content=\"noindex, follow, max-snippet:-1, max-image-preview:large, max-video-preview:-1\" \/>\n<meta property=\"og:locale\" content=\"fr_FR\" \/>\n<meta property=\"og:type\" content=\"article\" \/>\n<meta property=\"og:title\" content=\"Registration - Changemakers kit\" \/>\n<meta property=\"og:description\" content=\"Create account By creating an account you will be able to log in and use the Changemakers Kit for various processes. For each process, you can run through the steps &#8216;Discuss, Assess, Objectives, Needs and Actions. When logged in, you also have access to your Personal Page, where you can find an overview of your [&hellip;]\" \/>\n<meta property=\"og:url\" content=\"https:\/\/dev.europegoeslocal.eu\/fr\/registration\/\" \/>\n<meta property=\"og:site_name\" content=\"Changemakers kit\" \/>\n<meta property=\"article:modified_time\" content=\"2025-07-02T07:28:16+00:00\" \/>\n<meta name=\"twitter:card\" content=\"summary_large_image\" \/>\n<meta name=\"twitter:label1\" content=\"Dur\u00e9e de lecture estim\u00e9e\" \/>\n\t<meta name=\"twitter:data1\" content=\"1 minute\" \/>\n<script type=\"application\/ld+json\" class=\"yoast-schema-graph\">{\"@context\":\"https:\/\/schema.org\",\"@graph\":[{\"@type\":\"WebPage\",\"@id\":\"https:\/\/dev.europegoeslocal.eu\/registration\/\",\"url\":\"https:\/\/dev.europegoeslocal.eu\/registration\/\",\"name\":\"Registration - Changemakers kit\",\"isPartOf\":{\"@id\":\"https:\/\/dev.europegoeslocal.eu\/#website\"},\"datePublished\":\"2025-07-02T06:50:28+00:00\",\"dateModified\":\"2025-07-02T07:28:16+00:00\",\"breadcrumb\":{\"@id\":\"https:\/\/dev.europegoeslocal.eu\/registration\/#breadcrumb\"},\"inLanguage\":\"fr-FR\",\"potentialAction\":[{\"@type\":\"ReadAction\",\"target\":[\"https:\/\/dev.europegoeslocal.eu\/registration\/\"]}]},{\"@type\":\"BreadcrumbList\",\"@id\":\"https:\/\/dev.europegoeslocal.eu\/registration\/#breadcrumb\",\"itemListElement\":[{\"@type\":\"ListItem\",\"position\":1,\"name\":\"Home\",\"item\":\"https:\/\/dev.europegoeslocal.eu\/\"},{\"@type\":\"ListItem\",\"position\":2,\"name\":\"Registration\"}]},{\"@type\":\"WebSite\",\"@id\":\"https:\/\/dev.europegoeslocal.eu\/#website\",\"url\":\"https:\/\/dev.europegoeslocal.eu\/\",\"name\":\"Changemakers kit\",\"description\":\"\",\"publisher\":{\"@id\":\"https:\/\/dev.europegoeslocal.eu\/#organization\"},\"potentialAction\":[{\"@type\":\"SearchAction\",\"target\":{\"@type\":\"EntryPoint\",\"urlTemplate\":\"https:\/\/dev.europegoeslocal.eu\/?s={search_term_string}\"},\"query-input\":{\"@type\":\"PropertyValueSpecification\",\"valueRequired\":true,\"valueName\":\"search_term_string\"}}],\"inLanguage\":\"fr-FR\"},{\"@type\":\"Organization\",\"@id\":\"https:\/\/dev.europegoeslocal.eu\/#organization\",\"name\":\"Changemakers kit\",\"url\":\"https:\/\/dev.europegoeslocal.eu\/\",\"logo\":{\"@type\":\"ImageObject\",\"inLanguage\":\"fr-FR\",\"@id\":\"https:\/\/dev.europegoeslocal.eu\/#\/schema\/logo\/image\/\",\"url\":\"https:\/\/dev.europegoeslocal.eu\/wp-content\/uploads\/2022\/07\/EGL_logo_hor_colour.webp\",\"contentUrl\":\"https:\/\/dev.europegoeslocal.eu\/wp-content\/uploads\/2022\/07\/EGL_logo_hor_colour.webp\",\"width\":374,\"height\":136,\"caption\":\"Changemakers kit\"},\"image\":{\"@id\":\"https:\/\/dev.europegoeslocal.eu\/#\/schema\/logo\/image\/\"}}]}<\/script>\n<!-- \/ Yoast SEO plugin. -->","yoast_head_json":{"title":"Registration - Changemakers kit","robots":{"index":"noindex","follow":"follow","max-snippet":"max-snippet:-1","max-image-preview":"max-image-preview:large","max-video-preview":"max-video-preview:-1"},"og_locale":"fr_FR","og_type":"article","og_title":"Registration - Changemakers kit","og_description":"Create account By creating an account you will be able to log in and use the Changemakers Kit for various processes. For each process, you can run through the steps &#8216;Discuss, Assess, Objectives, Needs and Actions. When logged in, you also have access to your Personal Page, where you can find an overview of your [&hellip;]","og_url":"https:\/\/dev.europegoeslocal.eu\/fr\/registration\/","og_site_name":"Changemakers kit","article_modified_time":"2025-07-02T07:28:16+00:00","twitter_card":"summary_large_image","twitter_misc":{"Dur\u00e9e de lecture estim\u00e9e":"1 minute"},"schema":{"@context":"https:\/\/schema.org","@graph":[{"@type":"WebPage","@id":"https:\/\/dev.europegoeslocal.eu\/registration\/","url":"https:\/\/dev.europegoeslocal.eu\/registration\/","name":"Registration - Changemakers kit","isPartOf":{"@id":"https:\/\/dev.europegoeslocal.eu\/#website"},"datePublished":"2025-07-02T06:50:28+00:00","dateModified":"2025-07-02T07:28:16+00:00","breadcrumb":{"@id":"https:\/\/dev.europegoeslocal.eu\/registration\/#breadcrumb"},"inLanguage":"fr-FR","potentialAction":[{"@type":"ReadAction","target":["https:\/\/dev.europegoeslocal.eu\/registration\/"]}]},{"@type":"BreadcrumbList","@id":"https:\/\/dev.europegoeslocal.eu\/registration\/#breadcrumb","itemListElement":[{"@type":"ListItem","position":1,"name":"Home","item":"https:\/\/dev.europegoeslocal.eu\/"},{"@type":"ListItem","position":2,"name":"Registration"}]},{"@type":"WebSite","@id":"https:\/\/dev.europegoeslocal.eu\/#website","url":"https:\/\/dev.europegoeslocal.eu\/","name":"Changemakers kit","description":"","publisher":{"@id":"https:\/\/dev.europegoeslocal.eu\/#organization"},"potentialAction":[{"@type":"SearchAction","target":{"@type":"EntryPoint","urlTemplate":"https:\/\/dev.europegoeslocal.eu\/?s={search_term_string}"},"query-input":{"@type":"PropertyValueSpecification","valueRequired":true,"valueName":"search_term_string"}}],"inLanguage":"fr-FR"},{"@type":"Organization","@id":"https:\/\/dev.europegoeslocal.eu\/#organization","name":"Changemakers kit","url":"https:\/\/dev.europegoeslocal.eu\/","logo":{"@type":"ImageObject","inLanguage":"fr-FR","@id":"https:\/\/dev.europegoeslocal.eu\/#\/schema\/logo\/image\/","url":"https:\/\/dev.europegoeslocal.eu\/wp-content\/uploads\/2022\/07\/EGL_logo_hor_colour.webp","contentUrl":"https:\/\/dev.europegoeslocal.eu\/wp-content\/uploads\/2022\/07\/EGL_logo_hor_colour.webp","width":374,"height":136,"caption":"Changemakers kit"},"image":{"@id":"https:\/\/dev.europegoeslocal.eu\/#\/schema\/logo\/image\/"}}]}},"_links":{"self":[{"href":"https:\/\/dev.europegoeslocal.eu\/fr\/wp-json\/wp\/v2\/pages\/346","targetHints":{"allow":["GET"]}}],"collection":[{"href":"https:\/\/dev.europegoeslocal.eu\/fr\/wp-json\/wp\/v2\/pages"}],"about":[{"href":"https:\/\/dev.europegoeslocal.eu\/fr\/wp-json\/wp\/v2\/types\/page"}],"author":[{"embeddable":true,"href":"https:\/\/dev.europegoeslocal.eu\/fr\/wp-json\/wp\/v2\/users\/1"}],"replies":[{"embeddable":true,"href":"https:\/\/dev.europegoeslocal.eu\/fr\/wp-json\/wp\/v2\/comments?post=346"}],"version-history":[{"count":19,"href":"https:\/\/dev.europegoeslocal.eu\/fr\/wp-json\/wp\/v2\/pages\/346\/revisions"}],"predecessor-version":[{"id":369,"href":"https:\/\/dev.europegoeslocal.eu\/fr\/wp-json\/wp\/v2\/pages\/346\/revisions\/369"}],"wp:attachment":[{"href":"https:\/\/dev.europegoeslocal.eu\/fr\/wp-json\/wp\/v2\/media?parent=346"}],"curies":[{"name":"wp","href":"https:\/\/api.w.org\/{rel}","templated":true}]}}