{"id":347,"date":"2025-07-02T08:50:28","date_gmt":"2025-07-02T06:50:28","guid":{"rendered":"https:\/\/dev.europegoeslocal.eu\/login\/"},"modified":"2026-03-23T11:21:53","modified_gmt":"2026-03-23T10:21:53","slug":"login","status":"publish","type":"page","link":"https:\/\/dev.europegoeslocal.eu\/es\/login\/","title":{"rendered":"Iniciar sesi\u00f3n"},"content":{"rendered":"<div data-elementor-type=\"wp-page\" data-elementor-id=\"347\" class=\"elementor elementor-347\" data-elementor-post-type=\"page\">\n\t\t\t\t<div class=\"elementor-element elementor-element-297bc8fe e-flex e-con-boxed e-con e-parent\" data-id=\"297bc8fe\" data-element_type=\"container\" data-e-type=\"container\">\n\t\t\t\t\t<div class=\"e-con-inner\">\n\t\t\t\t<div class=\"elementor-element elementor-element-a599453 elementor-widget elementor-widget-heading\" data-id=\"a599453\" data-element_type=\"widget\" data-e-type=\"widget\" data-widget_type=\"heading.default\">\n\t\t\t\t\t<h1 class=\"elementor-heading-title elementor-size-default\">Iniciar sesi\u00f3n<\/h1>\t\t\t\t<\/div>\n\t\t\t\t<div class=\"elementor-element elementor-element-4597d62 elementor-widget elementor-widget-text-editor\" data-id=\"4597d62\" data-element_type=\"widget\" data-e-type=\"widget\" data-widget_type=\"text-editor.default\">\n\t\t\t\t\t\t\t\t\t<p>Cuando haya iniciado sesi\u00f3n, podr\u00e1 usar el kit de herramientas para varios procesos. Tambi\u00e9n tiene acceso a su p\u00e1gina personal, donde puede encontrar una visi\u00f3n general de sus procesos y descargar todas sus notas.<\/p>\t\t\t\t\t\t\t\t<\/div>\n\t\t\t\t<div class=\"elementor-element elementor-element-27e6bcad elementor-widget elementor-widget-shortcode\" data-id=\"27e6bcad\" data-element_type=\"widget\" data-e-type=\"widget\" data-widget_type=\"shortcode.default\">\n\t\t\t\t\t\t\t<div class=\"elementor-shortcode\"><div id=\"user-registration\" class=\"user-registration\">\n<div class=\"ur-frontend-form login\" id=\"ur-frontend-form\">\n\t\t<form class=\"user-registration-form user-registration-form-login login\" method=\"post\" action=\"\">\n\t\t<div class=\"ur-form-row\">\n\t\t\t<div class=\"ur-form-grid\">\n\t\t\t\t\t\t\t\t\t\t\t\t<div\n\t\t\t\t\tclass=\"user-registration-form-row user-registration-form-row--wide form-row form-row-wide\"\n\t\t\t\t\tdata-field=\"username\">\n\t\t\t\t\t<label for=\"username\">Correo electr\u00f3nico <span class=\"required\">*<\/span><\/label>\t\t\t\t\t<span class=\"input-wrapper\">\n\t\t\t\t\t\t<input placeholder=\"\" type=\"text\"\n\t\t\t\t\t\t\t\tclass=\"user-registration-Input user-registration-Input--text input-text\" name=\"username\"\n\t\t\t\t\t\t\t\tid=\"username\"\n\t\t\t\t\t\t\t   value=\"\"\n\t\t\t\t\t\t\t\tstyle=\"\"\n\t\t\t\t\t\t\t\t\t\t\t\t\t\t\/>\n\t\t\t\t\t\t\t\t\t\t\t\t<\/span>\n\t\t\t\t<\/div>\n\t\t\t\t\t\t\t\t\t<div\n\t\t\t\t\t\tclass=\"user-registration-form-row user-registration-form-row--wide form-row form-row-wide\"\n\t\t\t\t\t\tdata-field=\"password\">\n\t\t\t\t\t\t<label for=\"password\">Contrase\u00f1a <span class=\"required\">*<\/span><\/label>\t\t\t\t\t\t<span class=\"input-wrapper\">\n\t\t\t\t\t\t<span class=\"password-input-group\">\n\t\t\t\t\t\t<input\n\t\t\t\t\t\t\tplaceholder=\"\"\n\t\t\t\t\t\t\tclass=\"user-registration-Input user-registration-Input--text input-text\" type=\"password\"\n\t\t\t\t\t\t\tname=\"password\" id=\"password\"\n\t\t\t\t\t\t\tstyle=\"\"\n\t\t\t\t\t\t\t\t\t\t\t\t\t\/>\n\n\t\t\t\t\t\t\t\t\t\t\t\t\t\t\t\t\t\t\t<\/span>\n\t\t\t\t\t<\/div>\n\t\t\t\t\t\t\t\t\n\t\t\t\t\t\t\t\t<div class=\"form-row\">\n\t\t\t\t\t<input type=\"hidden\" id=\"user-registration-login-nonce\" name=\"user-registration-login-nonce\" value=\"48604bad46\" \/><input type=\"hidden\" name=\"_wp_http_referer\" value=\"\/es\/wp-json\/wp\/v2\/pages\/347\" \/>\t\t\t\t\t\t<div class=\"user-registration-before-login-btn\">\n\t\t\t\t\t\t\t\t\t\t\t\t\t\t\t\t\t\t\t\t\t\t<div data-field=\"lost-password\"\n\t\t\t\t\t\t\t\t\tclass=\"user-registration-LostPassword lost_password\">\n\t\t\t\t\t\t\t\t\t<label\n\t\t\t\t\t\t\t\t\t\tclass=\"user-registration-form__label user-registration-form__label-for-checkbox inline\">\n\t\t\t\t\t\t\t\t\t\t<a href=\"https:\/\/dev.europegoeslocal.eu\/es\/lost-password\/\">\u00bfPerdiste tu contrase\u00f1a?<\/a>\n\t\t\t\t\t\t\t\t\t<\/label>\n\t\t\t\t\t\t\t\t<\/div>\n\t\t\t\t\t\t\t\t\t\t\t\t\t\t<\/div>\n\t\t\t\t\t\t\t\t\t\t<\/div>\n\t\t\t\t<div data-field=\"login-button\" class=\"\">\n\t\t\t\t\t\t\t\t\t\t\t\t\t\t\t\t<button type=\"submit\"\n\t\t\t\t\t\t\t\tclass=\"user-registration-Button button ur-submit-button\"\n\t\t\t\t\t\t\t\tname=\"login\"\n\t\t\t\t\t\t\t\tvalue=\"Login\">Iniciar sesi\u00f3n<\/button>\n\t\t\t\t\t\t\t\t\t<\/div>\n\t\t\t\t<input type=\"hidden\" name=\"redirect\"\n\t\t\t\t\t\tvalue=\"\"\/>\n\t\t\t\t<input type=\"hidden\" name=\"previous_page\" value=\"\"\/>\n\t\t\t\t<div class=\"user-registration-register register\" data-field=\"registration-setting\">\t\t\t\t\t\t\t<a href=\"https:\/\/dev.europegoeslocal.eu\/es\/registration\/\"> \u00bfTodav\u00eda no tienes cuenta? Reg\u00edstrese aqu\u00ed.\t\t\t\t\t\t<\/a>\n\t\t\t\t\t\t<\/div>\t\t\t\t\t\t\t<\/div>\n\t\t<\/div>\n\t<input type=\"hidden\" name=\"etm-form-language\" value=\"es\"\/><\/form>\n<\/div>\n\n<\/div><\/div>\n\t\t\t\t\t\t<\/div>\n\t\t\t\t\t<\/div>\n\t\t\t\t<\/div>\n\t\t\t\t<\/div>","protected":false},"excerpt":{"rendered":"<p>Cuando haya iniciado sesi\u00f3n, podr\u00e1 utilizar el kit de herramientas para varios procesos. Tambi\u00e9n tiene acceso a su p\u00e1gina personal, donde puede encontrar una visi\u00f3n general de sus procesos y descargar todas sus notas.<\/p>","protected":false},"author":1,"featured_media":0,"parent":0,"menu_order":0,"comment_status":"closed","ping_status":"closed","template":"","meta":{"footnotes":""},"class_list":["post-347","page","type-page","status-publish","hentry"],"yoast_head":"<!-- This site is optimized with the Yoast SEO plugin v27.2 - https:\/\/yoast.com\/product\/yoast-seo-wordpress\/ -->\n<title>Login - Changemakers kit<\/title>\n<meta name=\"robots\" content=\"noindex, follow, max-snippet:-1, max-image-preview:large, max-video-preview:-1\" \/>\n<meta property=\"og:locale\" content=\"es_ES\" \/>\n<meta property=\"og:type\" content=\"article\" \/>\n<meta property=\"og:title\" content=\"Login - Changemakers kit\" \/>\n<meta property=\"og:description\" content=\"Log in When logged in you will be able to use the toolkit for various processes. You also get access to your Personal Page, where you can find an overview of your processes and download all your notes.\" \/>\n<meta property=\"og:url\" content=\"https:\/\/dev.europegoeslocal.eu\/es\/login\/\" \/>\n<meta property=\"og:site_name\" content=\"Changemakers kit\" \/>\n<meta property=\"article:modified_time\" content=\"2026-03-23T10:21:53+00:00\" \/>\n<meta name=\"twitter:card\" content=\"summary_large_image\" \/>\n<meta name=\"twitter:label1\" content=\"Tiempo de lectura\" \/>\n\t<meta name=\"twitter:data1\" content=\"1 minute\" \/>\n<script type=\"application\/ld+json\" class=\"yoast-schema-graph\">{\"@context\":\"https:\/\/schema.org\",\"@graph\":[{\"@type\":\"WebPage\",\"@id\":\"https:\/\/dev.europegoeslocal.eu\/login\/\",\"url\":\"https:\/\/dev.europegoeslocal.eu\/login\/\",\"name\":\"Login - Changemakers kit\",\"isPartOf\":{\"@id\":\"https:\/\/dev.europegoeslocal.eu\/#website\"},\"datePublished\":\"2025-07-02T06:50:28+00:00\",\"dateModified\":\"2026-03-23T10:21:53+00:00\",\"breadcrumb\":{\"@id\":\"https:\/\/dev.europegoeslocal.eu\/login\/#breadcrumb\"},\"inLanguage\":\"es-ES\",\"potentialAction\":[{\"@type\":\"ReadAction\",\"target\":[\"https:\/\/dev.europegoeslocal.eu\/login\/\"]}]},{\"@type\":\"BreadcrumbList\",\"@id\":\"https:\/\/dev.europegoeslocal.eu\/login\/#breadcrumb\",\"itemListElement\":[{\"@type\":\"ListItem\",\"position\":1,\"name\":\"Home\",\"item\":\"https:\/\/dev.europegoeslocal.eu\/\"},{\"@type\":\"ListItem\",\"position\":2,\"name\":\"Login\"}]},{\"@type\":\"WebSite\",\"@id\":\"https:\/\/dev.europegoeslocal.eu\/#website\",\"url\":\"https:\/\/dev.europegoeslocal.eu\/\",\"name\":\"Changemakers kit\",\"description\":\"\",\"publisher\":{\"@id\":\"https:\/\/dev.europegoeslocal.eu\/#organization\"},\"potentialAction\":[{\"@type\":\"SearchAction\",\"target\":{\"@type\":\"EntryPoint\",\"urlTemplate\":\"https:\/\/dev.europegoeslocal.eu\/?s={search_term_string}\"},\"query-input\":{\"@type\":\"PropertyValueSpecification\",\"valueRequired\":true,\"valueName\":\"search_term_string\"}}],\"inLanguage\":\"es-ES\"},{\"@type\":\"Organization\",\"@id\":\"https:\/\/dev.europegoeslocal.eu\/#organization\",\"name\":\"Changemakers kit\",\"url\":\"https:\/\/dev.europegoeslocal.eu\/\",\"logo\":{\"@type\":\"ImageObject\",\"inLanguage\":\"es-ES\",\"@id\":\"https:\/\/dev.europegoeslocal.eu\/#\/schema\/logo\/image\/\",\"url\":\"https:\/\/dev.europegoeslocal.eu\/wp-content\/uploads\/2022\/07\/EGL_logo_hor_colour.webp\",\"contentUrl\":\"https:\/\/dev.europegoeslocal.eu\/wp-content\/uploads\/2022\/07\/EGL_logo_hor_colour.webp\",\"width\":374,\"height\":136,\"caption\":\"Changemakers kit\"},\"image\":{\"@id\":\"https:\/\/dev.europegoeslocal.eu\/#\/schema\/logo\/image\/\"}}]}<\/script>\n<!-- \/ Yoast SEO plugin. -->","yoast_head_json":{"title":"Login - Changemakers kit","robots":{"index":"noindex","follow":"follow","max-snippet":"max-snippet:-1","max-image-preview":"max-image-preview:large","max-video-preview":"max-video-preview:-1"},"og_locale":"es_ES","og_type":"article","og_title":"Login - Changemakers kit","og_description":"Log in When logged in you will be able to use the toolkit for various processes. You also get access to your Personal Page, where you can find an overview of your processes and download all your notes.","og_url":"https:\/\/dev.europegoeslocal.eu\/es\/login\/","og_site_name":"Changemakers kit","article_modified_time":"2026-03-23T10:21:53+00:00","twitter_card":"summary_large_image","twitter_misc":{"Tiempo de lectura":"1 minute"},"schema":{"@context":"https:\/\/schema.org","@graph":[{"@type":"WebPage","@id":"https:\/\/dev.europegoeslocal.eu\/login\/","url":"https:\/\/dev.europegoeslocal.eu\/login\/","name":"Login - Changemakers kit","isPartOf":{"@id":"https:\/\/dev.europegoeslocal.eu\/#website"},"datePublished":"2025-07-02T06:50:28+00:00","dateModified":"2026-03-23T10:21:53+00:00","breadcrumb":{"@id":"https:\/\/dev.europegoeslocal.eu\/login\/#breadcrumb"},"inLanguage":"es-ES","potentialAction":[{"@type":"ReadAction","target":["https:\/\/dev.europegoeslocal.eu\/login\/"]}]},{"@type":"BreadcrumbList","@id":"https:\/\/dev.europegoeslocal.eu\/login\/#breadcrumb","itemListElement":[{"@type":"ListItem","position":1,"name":"Home","item":"https:\/\/dev.europegoeslocal.eu\/"},{"@type":"ListItem","position":2,"name":"Login"}]},{"@type":"WebSite","@id":"https:\/\/dev.europegoeslocal.eu\/#website","url":"https:\/\/dev.europegoeslocal.eu\/","name":"Changemakers kit","description":"","publisher":{"@id":"https:\/\/dev.europegoeslocal.eu\/#organization"},"potentialAction":[{"@type":"SearchAction","target":{"@type":"EntryPoint","urlTemplate":"https:\/\/dev.europegoeslocal.eu\/?s={search_term_string}"},"query-input":{"@type":"PropertyValueSpecification","valueRequired":true,"valueName":"search_term_string"}}],"inLanguage":"es-ES"},{"@type":"Organization","@id":"https:\/\/dev.europegoeslocal.eu\/#organization","name":"Changemakers kit","url":"https:\/\/dev.europegoeslocal.eu\/","logo":{"@type":"ImageObject","inLanguage":"es-ES","@id":"https:\/\/dev.europegoeslocal.eu\/#\/schema\/logo\/image\/","url":"https:\/\/dev.europegoeslocal.eu\/wp-content\/uploads\/2022\/07\/EGL_logo_hor_colour.webp","contentUrl":"https:\/\/dev.europegoeslocal.eu\/wp-content\/uploads\/2022\/07\/EGL_logo_hor_colour.webp","width":374,"height":136,"caption":"Changemakers kit"},"image":{"@id":"https:\/\/dev.europegoeslocal.eu\/#\/schema\/logo\/image\/"}}]}},"_links":{"self":[{"href":"https:\/\/dev.europegoeslocal.eu\/es\/wp-json\/wp\/v2\/pages\/347","targetHints":{"allow":["GET"]}}],"collection":[{"href":"https:\/\/dev.europegoeslocal.eu\/es\/wp-json\/wp\/v2\/pages"}],"about":[{"href":"https:\/\/dev.europegoeslocal.eu\/es\/wp-json\/wp\/v2\/types\/page"}],"author":[{"embeddable":true,"href":"https:\/\/dev.europegoeslocal.eu\/es\/wp-json\/wp\/v2\/users\/1"}],"replies":[{"embeddable":true,"href":"https:\/\/dev.europegoeslocal.eu\/es\/wp-json\/wp\/v2\/comments?post=347"}],"version-history":[{"count":12,"href":"https:\/\/dev.europegoeslocal.eu\/es\/wp-json\/wp\/v2\/pages\/347\/revisions"}],"predecessor-version":[{"id":730,"href":"https:\/\/dev.europegoeslocal.eu\/es\/wp-json\/wp\/v2\/pages\/347\/revisions\/730"}],"wp:attachment":[{"href":"https:\/\/dev.europegoeslocal.eu\/es\/wp-json\/wp\/v2\/media?parent=347"}],"curies":[{"name":"wp","href":"https:\/\/api.w.org\/{rel}","templated":true}]}}